{"id":157,"date":"2019-12-22T12:31:53","date_gmt":"2019-12-22T12:31:53","guid":{"rendered":"http:\/\/jakobschafe-ostfriesische-moewen.de\/?page_id=157"},"modified":"2019-12-22T12:37:05","modified_gmt":"2019-12-22T12:37:05","slug":"das-buch","status":"publish","type":"page","link":"https:\/\/jakobschafe-ostfriesische-moewen.de\/?page_id=157","title":{"rendered":"Das Buch"},"content":{"rendered":"<p>Diese Geschichte habe ich geschrieben, weil ich es leid war, dass Krimis anscheinend nur noch erz\u00e4hlenswert sind, wenn ein Serienm\u00f6rder zahlreiche Opfer fordert oder zahlreiche Tote den Weg pflastern.<br \/>\nIch wollte in meinem Erstlingswerk zeigen, dass auch ein Diebstahl eine sch\u00f6ne Geschichte darstellen und den Leser fesseln kann.<br \/>\nWichtig war mir auch der Teilaspekt einer Beziehung, die sich aus Nachbarn und Bekannten entwickelt kann. Entscheidend f\u00fcr diese Geschichte war aber die Beziehung zu meinen Jakobschafen. Eine seltene Schafrasse, die es verdient hat, die Hauptrolle in einem Krimi in Essen Haarzopf zu spielen. Ein sch\u00f6ner Stadtteil in Essen, der gepr\u00e4gt durch einen hohen Gr\u00fcnanteil, guten Nachbarschaften, einem funktionierendem B\u00fcrgerverein leider immer h\u00e4ufiger zwischen die Fronten von Grundst\u00fcckspekulanten, Politikern und Flughafennutzern<br \/>\nger\u00e4t.<\/p>\n<div class=\"article__header\">\n<div class=\"article__field__multi article__field__multi-news \">\n<div id=\"fwid0\" class=\"article__header__inner \">\n<div class=\"article__header__heading\">\n<p><span class=\"article__header__kicker\">SCHAFSKRIMI<\/span><\/p>\n<h2 class=\"article__header__headline ispayedcontent\">Landwirt aus Essen-Haarzopf schreibt Krimi \u00fcber seine Schafe<\/h2>\n<\/div>\n<\/div>\n<div class=\"author-social\">\n<div class=\"author\">\n<p class=\"author__name\">Elli Schulz<\/p>\n<p><time class=\"author__time\">04.12.2019 &#8211; 16:41 Uhr<\/time><\/p>\n<\/div>\n<\/div>\n<\/div>\n<figure class=\"hero-img content--default-background no-vspace\">\n<div class=\"hero-img__wrapper\">\n<div><\/div>\n<picture class=\"hero-img__img\"><source srcset=\"https:\/\/img.ikz-online.de\/img\/incoming\/crop227828323\/4777602802-w420-cv16_9-q85\/0fb1b14c-1685-11ea-a27f-bda59f92e780.jpg\" media=\"(max-width: 420px)\" \/><source srcset=\"https:\/\/img.ikz-online.de\/img\/incoming\/crop227828323\/9430244846-w640-cv16_9-q85\/0fb1b14c-1685-11ea-a27f-bda59f92e780.jpg\" media=\"(max-width: 640px)\" \/><source srcset=\"https:\/\/img.ikz-online.de\/img\/incoming\/crop227828323\/150397399-w940-cv16_9-q85\/0fb1b14c-1685-11ea-a27f-bda59f92e780.jpg\" \/><img loading=\"lazy\" decoding=\"async\" class=\"\" title=\"Thomas Haffner, Teilzeitlandwirt aus Essen-Haarzopf, hat seinen ersten Krimi geschrieben. Die Hauptrolle darin spielen seine Schafe.\" src=\"https:\/\/www.ikz-online.de\/resources\/157599007\/img\/placeholder.png\" alt=\"Thomas Haffner, Teilzeitlandwirt aus Essen-Haarzopf, hat seinen ersten Krimi geschrieben. Die Hauptrolle darin spielen seine Schafe.\" width=\"940\" height=\"528\" \/><\/picture>\n<\/div><figcaption class=\"hero-img__caption\">\n<div class=\"hero-img__text\">\n<p>Thomas Haffner, Teilzeitlandwirt aus Essen-Haarzopf, hat seinen ersten Krimi geschrieben. Die Hauptrolle darin spielen seine Schafe.<\/p>\n<\/div>\n<p class=\"hero-img__credits\">Foto:\u00a0Vladimir Wegener \/ FUNKE Foto Services<\/p>\n<\/figcaption><\/figure>\n<\/div>\n<div class=\"article__body\">\n<div class=\"article__header__intro\">\n<p class=\"article__header__intro__text\"><span class=\"article__location\">ESSEN-HAARZOPF.<\/span>\u00a0\u00a0Landwirt Thomas Haffner aus Essen-Haarzopf z\u00fcchtet Jakobschafe. Jetzt hat er sein erstes Buch geschrieben \u2013 mit seinen Tieren als Hauptfiguren.<\/p>\n<\/div>\n<div class=\"ad ad--stroer ad--marker ad-right pc_ltfaoomp\">\n<div class=\"ad--marker-inner\">\n<div id=\"mr1_localnews\" data-google-query-id=\"CNf_kIaiyeYCFUY44Aodhe8BTw\">\n<div id=\"google_ads_iframe_\/39216077\/sta_nrw_marke\/localnews\/mr1_0__container__\"><\/div>\n<\/div>\n<\/div>\n<\/div>\n<div id=\"tp_paid\" class=\"paywall-ld-ident\"><\/div>\n<\/div>\n","protected":false},"excerpt":{"rendered":"<p>Diese Geschichte habe ich geschrieben, weil ich es leid war, dass Krimis anscheinend nur noch erz\u00e4hlenswert sind, wenn ein Serienm\u00f6rder zahlreiche Opfer fordert oder zahlreiche Tote den Weg pflastern. Ich wollte in meinem Erstlingswerk zeigen, dass auch ein Diebstahl eine sch\u00f6ne Geschichte darstellen und den Leser fesseln kann. Wichtig war mir auch der Teilaspekt einer &hellip; <\/p>\n<p class=\"link-more\"><a href=\"https:\/\/jakobschafe-ostfriesische-moewen.de\/?page_id=157\" class=\"more-link\"><span class=\"screen-reader-text\">\u201eDas Buch\u201c <\/span>weiterlesen<\/a><\/p>\n","protected":false},"author":1,"featured_media":161,"parent":0,"menu_order":0,"comment_status":"closed","ping_status":"closed","template":"","meta":{"footnotes":""},"class_list":["post-157","page","type-page","status-publish","has-post-thumbnail","hentry"],"_links":{"self":[{"href":"https:\/\/jakobschafe-ostfriesische-moewen.de\/index.php?rest_route=\/wp\/v2\/pages\/157","targetHints":{"allow":["GET"]}}],"collection":[{"href":"https:\/\/jakobschafe-ostfriesische-moewen.de\/index.php?rest_route=\/wp\/v2\/pages"}],"about":[{"href":"https:\/\/jakobschafe-ostfriesische-moewen.de\/index.php?rest_route=\/wp\/v2\/types\/page"}],"author":[{"embeddable":true,"href":"https:\/\/jakobschafe-ostfriesische-moewen.de\/index.php?rest_route=\/wp\/v2\/users\/1"}],"replies":[{"embeddable":true,"href":"https:\/\/jakobschafe-ostfriesische-moewen.de\/index.php?rest_route=%2Fwp%2Fv2%2Fcomments&post=157"}],"version-history":[{"count":4,"href":"https:\/\/jakobschafe-ostfriesische-moewen.de\/index.php?rest_route=\/wp\/v2\/pages\/157\/revisions"}],"predecessor-version":[{"id":164,"href":"https:\/\/jakobschafe-ostfriesische-moewen.de\/index.php?rest_route=\/wp\/v2\/pages\/157\/revisions\/164"}],"wp:featuredmedia":[{"embeddable":true,"href":"https:\/\/jakobschafe-ostfriesische-moewen.de\/index.php?rest_route=\/wp\/v2\/media\/161"}],"wp:attachment":[{"href":"https:\/\/jakobschafe-ostfriesische-moewen.de\/index.php?rest_route=%2Fwp%2Fv2%2Fmedia&parent=157"}],"curies":[{"name":"wp","href":"https:\/\/api.w.org\/{rel}","templated":true}]}}