{"id":20,"date":"2018-01-29T17:42:27","date_gmt":"2018-01-29T17:42:27","guid":{"rendered":"http:\/\/jakobschafe-ostfriesische-moewen.de\/?page_id=20"},"modified":"2018-08-23T07:25:05","modified_gmt":"2018-08-23T07:25:05","slug":"der-kotten","status":"publish","type":"page","link":"https:\/\/jakobschafe-ostfriesische-moewen.de\/?page_id=20","title":{"rendered":"Der Kotten"},"content":{"rendered":"<p>Philosophie<\/p>\n<p>Wir versuchen den seit Generationen im Familienbesitz befindenden Kotten in Teilen seiner urspr\u00fcnglichen Funktion zur\u00fcckzuf\u00fchren. Dazu geh\u00f6rt neben einem Bauerngarten zur Selbstversorgung auch eine Streuobstwiese mit alten Obstsorten. Das Gesamtbild runden die Schaf- und H\u00fchnerzucht von alten Landrassen ab. Neben den Weiden wurde ein erheblicher Teil des Grundst\u00fccks in einen\u00a0 sehenswerten Staudengarten umgewandelt, der einen Schwerpunkt des Grundst\u00fccks darstellt und auch den\u00a0 gr\u00f6\u00dften Teil der Zeit beansprucht.<\/p>\n<p>Unser Ziel ist es in einer schnelllebigen Zeit ein wenig zu den Wurzeln zur\u00fcckzukehren und unseren Teil zum Erhalt alter Tierrassen und Obstsorten beizutragen. Im Gegensatz zur Massentierhaltung\u00a0 wachsen unsere Tiere nat\u00fcrlich im Familienverbund auf.\u00a0 Wir finden, dass auch in einer Gro\u00dfstadt die Symbiose zwischen Natur, Lebensmittelgewinnung, Gartenkultur und dem fairen Umgang mit Nutztieren funktionieren kann\u00a0 und keineswegs im Widerspruch mit den Annehmlichkeiten der modernen Lebensweise stehen muss.<\/p>\n","protected":false},"excerpt":{"rendered":"<p>Philosophie Wir versuchen den seit Generationen im Familienbesitz befindenden Kotten in Teilen seiner urspr\u00fcnglichen Funktion zur\u00fcckzuf\u00fchren. Dazu geh\u00f6rt neben einem Bauerngarten zur Selbstversorgung auch eine Streuobstwiese mit alten Obstsorten. Das Gesamtbild runden die Schaf- und H\u00fchnerzucht von alten Landrassen ab. Neben den Weiden wurde ein erheblicher Teil des Grundst\u00fccks in einen\u00a0 sehenswerten Staudengarten umgewandelt, der &hellip; <\/p>\n<p class=\"link-more\"><a href=\"https:\/\/jakobschafe-ostfriesische-moewen.de\/?page_id=20\" class=\"more-link\"><span class=\"screen-reader-text\">\u201eDer Kotten\u201c <\/span>weiterlesen<\/a><\/p>\n","protected":false},"author":1,"featured_media":0,"parent":0,"menu_order":0,"comment_status":"closed","ping_status":"closed","template":"","meta":{"footnotes":""},"class_list":["post-20","page","type-page","status-publish","hentry"],"_links":{"self":[{"href":"https:\/\/jakobschafe-ostfriesische-moewen.de\/index.php?rest_route=\/wp\/v2\/pages\/20","targetHints":{"allow":["GET"]}}],"collection":[{"href":"https:\/\/jakobschafe-ostfriesische-moewen.de\/index.php?rest_route=\/wp\/v2\/pages"}],"about":[{"href":"https:\/\/jakobschafe-ostfriesische-moewen.de\/index.php?rest_route=\/wp\/v2\/types\/page"}],"author":[{"embeddable":true,"href":"https:\/\/jakobschafe-ostfriesische-moewen.de\/index.php?rest_route=\/wp\/v2\/users\/1"}],"replies":[{"embeddable":true,"href":"https:\/\/jakobschafe-ostfriesische-moewen.de\/index.php?rest_route=%2Fwp%2Fv2%2Fcomments&post=20"}],"version-history":[{"count":6,"href":"https:\/\/jakobschafe-ostfriesische-moewen.de\/index.php?rest_route=\/wp\/v2\/pages\/20\/revisions"}],"predecessor-version":[{"id":98,"href":"https:\/\/jakobschafe-ostfriesische-moewen.de\/index.php?rest_route=\/wp\/v2\/pages\/20\/revisions\/98"}],"wp:attachment":[{"href":"https:\/\/jakobschafe-ostfriesische-moewen.de\/index.php?rest_route=%2Fwp%2Fv2%2Fmedia&parent=20"}],"curies":[{"name":"wp","href":"https:\/\/api.w.org\/{rel}","templated":true}]}}