{"id":204,"date":"2021-02-15T12:55:09","date_gmt":"2021-02-15T12:55:09","guid":{"rendered":"http:\/\/jakobschafe-ostfriesische-moewen.de\/?page_id=204"},"modified":"2025-02-05T13:14:51","modified_gmt":"2025-02-05T13:14:51","slug":"der-garten-2","status":"publish","type":"page","link":"https:\/\/jakobschafe-ostfriesische-moewen.de\/?page_id=204","title":{"rendered":"Der Garten Blumenthrat"},"content":{"rendered":"\n<h2 class=\"wp-block-heading\"><strong>Gartenbesichtigung nach telefonischer Vereinbarung.<\/strong><\/h2>\n\n\n\n<h2 class=\"wp-block-heading\"><strong>Eintritt 2 Euro als Spende <\/strong><\/h2>\n\n\n\n<p>Kontakt: 0176 9680 2528\/ Email: dagmarblumenthrat@web.de<\/p>\n\n\n\n<p><\/p>\n\n\n\n<p>Im Essener S\u00fcden gelegener ca. 4000 m\u00b2 gro\u00dfer Privatgarten, eingerahmt mit Weissdorn-, Buchen- und Eibenhecken.<\/p>\n\n\n\n<p>Der Garten gliedert sich in einen park\u00e4hnlichen Teil mit altem Baumbestand, Geh\u00f6lzen und Formschnittelementen aus Eibe und Ilex. Zahlreiche Hortensenien sind in verschiedenen Sorten zu sehen. <\/p>\n\n\n\n<p>In Inselform angelegten Staudenbeete zeigen an Standort und Boden angepasste Pflanzenkombinationen.<\/p>\n\n\n\n<p>Eine artenreiche Wildblumenwiese bildet den Lebensraum f\u00fcr heimische Insekten und andere Tiere. <\/p>\n\n\n\n<p>Im sonnenreichen Teil des Gartens befindet sich ein alter Bauerngarten mit weiteren Staudenbeeten, einer Pfingsrosensammlung und historischen Rosen.<\/p>\n\n\n\n<p>Gem\u00fcsebeete und Beerenobstgeh\u00f6lze dienen der Selbstversorgung.<\/p>\n\n\n\n<p>Eine angrenzende Streuobstwiese wird von Jakobschafen, einer alten Landschafrasse, beweidet.  <\/p>\n\n\n\n<figure class=\"wp-block-image size-large\"><img loading=\"lazy\" decoding=\"async\" width=\"1024\" height=\"768\" src=\"http:\/\/jakobschafe-ostfriesische-moewen.de\/wp-content\/uploads\/2018\/08\/DSCN1696-1024x768.jpg\" alt=\"\" class=\"wp-image-123\" srcset=\"https:\/\/jakobschafe-ostfriesische-moewen.de\/wp-content\/uploads\/2018\/08\/DSCN1696-1024x768.jpg 1024w, https:\/\/jakobschafe-ostfriesische-moewen.de\/wp-content\/uploads\/2018\/08\/DSCN1696-300x225.jpg 300w, https:\/\/jakobschafe-ostfriesische-moewen.de\/wp-content\/uploads\/2018\/08\/DSCN1696-768x576.jpg 768w\" sizes=\"auto, (max-width: 767px) 89vw, (max-width: 1000px) 54vw, (max-width: 1071px) 543px, 580px\" \/><\/figure>\n\n\n\n<figure class=\"wp-block-image size-large\"><img loading=\"lazy\" decoding=\"async\" width=\"1024\" height=\"768\" src=\"http:\/\/jakobschafe-ostfriesische-moewen.de\/wp-content\/uploads\/2018\/08\/DSCN1695-1024x768.jpg\" alt=\"\" class=\"wp-image-124\" srcset=\"https:\/\/jakobschafe-ostfriesische-moewen.de\/wp-content\/uploads\/2018\/08\/DSCN1695-1024x768.jpg 1024w, https:\/\/jakobschafe-ostfriesische-moewen.de\/wp-content\/uploads\/2018\/08\/DSCN1695-300x225.jpg 300w, https:\/\/jakobschafe-ostfriesische-moewen.de\/wp-content\/uploads\/2018\/08\/DSCN1695-768x576.jpg 768w\" sizes=\"auto, (max-width: 767px) 89vw, (max-width: 1000px) 54vw, (max-width: 1071px) 543px, 580px\" \/><\/figure>\n\n\n\n<figure class=\"wp-block-image size-large\"><img loading=\"lazy\" decoding=\"async\" width=\"1024\" height=\"768\" src=\"http:\/\/jakobschafe-ostfriesische-moewen.de\/wp-content\/uploads\/2018\/02\/DSCN1793-1024x768.jpg\" alt=\"\" class=\"wp-image-109\" srcset=\"https:\/\/jakobschafe-ostfriesische-moewen.de\/wp-content\/uploads\/2018\/02\/DSCN1793-1024x768.jpg 1024w, https:\/\/jakobschafe-ostfriesische-moewen.de\/wp-content\/uploads\/2018\/02\/DSCN1793-300x225.jpg 300w, https:\/\/jakobschafe-ostfriesische-moewen.de\/wp-content\/uploads\/2018\/02\/DSCN1793-768x576.jpg 768w\" sizes=\"auto, (max-width: 767px) 89vw, (max-width: 1000px) 54vw, (max-width: 1071px) 543px, 580px\" \/><\/figure>\n\n\n\n<figure class=\"wp-block-image size-large\"><img loading=\"lazy\" decoding=\"async\" width=\"768\" height=\"1024\" src=\"http:\/\/jakobschafe-ostfriesische-moewen.de\/wp-content\/uploads\/2018\/02\/DSCN1791-768x1024.jpg\" alt=\"\" class=\"wp-image-105\" srcset=\"https:\/\/jakobschafe-ostfriesische-moewen.de\/wp-content\/uploads\/2018\/02\/DSCN1791-768x1024.jpg 768w, https:\/\/jakobschafe-ostfriesische-moewen.de\/wp-content\/uploads\/2018\/02\/DSCN1791-225x300.jpg 225w\" sizes=\"auto, (max-width: 767px) 89vw, (max-width: 1000px) 54vw, (max-width: 1071px) 543px, 580px\" \/><\/figure>\n\n\n\n<figure class=\"wp-block-image size-large\"><img loading=\"lazy\" decoding=\"async\" width=\"1024\" height=\"768\" src=\"http:\/\/jakobschafe-ostfriesische-moewen.de\/wp-content\/uploads\/2021\/02\/DSCN1689-1024x768.jpg\" alt=\"\" class=\"wp-image-221\" srcset=\"https:\/\/jakobschafe-ostfriesische-moewen.de\/wp-content\/uploads\/2021\/02\/DSCN1689-1024x768.jpg 1024w, https:\/\/jakobschafe-ostfriesische-moewen.de\/wp-content\/uploads\/2021\/02\/DSCN1689-300x225.jpg 300w, https:\/\/jakobschafe-ostfriesische-moewen.de\/wp-content\/uploads\/2021\/02\/DSCN1689-768x576.jpg 768w, https:\/\/jakobschafe-ostfriesische-moewen.de\/wp-content\/uploads\/2021\/02\/DSCN1689-1536x1152.jpg 1536w, https:\/\/jakobschafe-ostfriesische-moewen.de\/wp-content\/uploads\/2021\/02\/DSCN1689-2048x1536.jpg 2048w\" sizes=\"auto, (max-width: 767px) 89vw, (max-width: 1000px) 54vw, (max-width: 1071px) 543px, 580px\" \/><\/figure>\n\n\n\n<figure class=\"wp-block-image size-large\"><img loading=\"lazy\" decoding=\"async\" width=\"1024\" height=\"768\" src=\"http:\/\/jakobschafe-ostfriesische-moewen.de\/wp-content\/uploads\/2021\/02\/DSCN1707-1024x768.jpg\" alt=\"\" class=\"wp-image-222\" srcset=\"https:\/\/jakobschafe-ostfriesische-moewen.de\/wp-content\/uploads\/2021\/02\/DSCN1707-1024x768.jpg 1024w, https:\/\/jakobschafe-ostfriesische-moewen.de\/wp-content\/uploads\/2021\/02\/DSCN1707-300x225.jpg 300w, https:\/\/jakobschafe-ostfriesische-moewen.de\/wp-content\/uploads\/2021\/02\/DSCN1707-768x576.jpg 768w, https:\/\/jakobschafe-ostfriesische-moewen.de\/wp-content\/uploads\/2021\/02\/DSCN1707-1536x1152.jpg 1536w, https:\/\/jakobschafe-ostfriesische-moewen.de\/wp-content\/uploads\/2021\/02\/DSCN1707-2048x1536.jpg 2048w\" sizes=\"auto, (max-width: 767px) 89vw, (max-width: 1000px) 54vw, (max-width: 1071px) 543px, 580px\" \/><\/figure>\n\n\n\n<figure class=\"wp-block-image size-large\"><img loading=\"lazy\" decoding=\"async\" width=\"1024\" height=\"768\" src=\"http:\/\/jakobschafe-ostfriesische-moewen.de\/wp-content\/uploads\/2021\/02\/DSCN1711-1024x768.jpg\" alt=\"\" class=\"wp-image-223\" srcset=\"https:\/\/jakobschafe-ostfriesische-moewen.de\/wp-content\/uploads\/2021\/02\/DSCN1711-1024x768.jpg 1024w, https:\/\/jakobschafe-ostfriesische-moewen.de\/wp-content\/uploads\/2021\/02\/DSCN1711-300x225.jpg 300w, https:\/\/jakobschafe-ostfriesische-moewen.de\/wp-content\/uploads\/2021\/02\/DSCN1711-768x576.jpg 768w, https:\/\/jakobschafe-ostfriesische-moewen.de\/wp-content\/uploads\/2021\/02\/DSCN1711-1536x1152.jpg 1536w, https:\/\/jakobschafe-ostfriesische-moewen.de\/wp-content\/uploads\/2021\/02\/DSCN1711-2048x1536.jpg 2048w\" sizes=\"auto, (max-width: 767px) 89vw, (max-width: 1000px) 54vw, (max-width: 1071px) 543px, 580px\" \/><\/figure>\n\n\n\n<figure class=\"wp-block-image size-large\"><img loading=\"lazy\" decoding=\"async\" width=\"1024\" height=\"577\" src=\"http:\/\/jakobschafe-ostfriesische-moewen.de\/wp-content\/uploads\/2021\/02\/WP_20160711_14_04_58_Pro-1024x577.jpg\" alt=\"\" class=\"wp-image-224\" srcset=\"https:\/\/jakobschafe-ostfriesische-moewen.de\/wp-content\/uploads\/2021\/02\/WP_20160711_14_04_58_Pro-1024x577.jpg 1024w, https:\/\/jakobschafe-ostfriesische-moewen.de\/wp-content\/uploads\/2021\/02\/WP_20160711_14_04_58_Pro-300x169.jpg 300w, https:\/\/jakobschafe-ostfriesische-moewen.de\/wp-content\/uploads\/2021\/02\/WP_20160711_14_04_58_Pro-768x432.jpg 768w, https:\/\/jakobschafe-ostfriesische-moewen.de\/wp-content\/uploads\/2021\/02\/WP_20160711_14_04_58_Pro-1536x865.jpg 1536w, https:\/\/jakobschafe-ostfriesische-moewen.de\/wp-content\/uploads\/2021\/02\/WP_20160711_14_04_58_Pro-2048x1153.jpg 2048w\" sizes=\"auto, (max-width: 767px) 89vw, (max-width: 1000px) 54vw, (max-width: 1071px) 543px, 580px\" \/><\/figure>\n\n\n\n<figure class=\"wp-block-image size-large\"><img loading=\"lazy\" decoding=\"async\" width=\"1024\" height=\"577\" src=\"http:\/\/jakobschafe-ostfriesische-moewen.de\/wp-content\/uploads\/2021\/02\/WP_20180619_19_47_17_Pro-1024x577.jpg\" alt=\"\" class=\"wp-image-225\" srcset=\"https:\/\/jakobschafe-ostfriesische-moewen.de\/wp-content\/uploads\/2021\/02\/WP_20180619_19_47_17_Pro-1024x577.jpg 1024w, https:\/\/jakobschafe-ostfriesische-moewen.de\/wp-content\/uploads\/2021\/02\/WP_20180619_19_47_17_Pro-300x169.jpg 300w, https:\/\/jakobschafe-ostfriesische-moewen.de\/wp-content\/uploads\/2021\/02\/WP_20180619_19_47_17_Pro-768x432.jpg 768w, https:\/\/jakobschafe-ostfriesische-moewen.de\/wp-content\/uploads\/2021\/02\/WP_20180619_19_47_17_Pro-1536x865.jpg 1536w, https:\/\/jakobschafe-ostfriesische-moewen.de\/wp-content\/uploads\/2021\/02\/WP_20180619_19_47_17_Pro-2048x1153.jpg 2048w\" sizes=\"auto, (max-width: 767px) 89vw, (max-width: 1000px) 54vw, (max-width: 1071px) 543px, 580px\" \/><\/figure>\n\n\n\n<figure class=\"wp-block-image size-large\"><img loading=\"lazy\" decoding=\"async\" width=\"1024\" height=\"577\" src=\"http:\/\/jakobschafe-ostfriesische-moewen.de\/wp-content\/uploads\/2021\/02\/WP_20180619_19_47_49_Pro-1024x577.jpg\" alt=\"\" class=\"wp-image-226\" srcset=\"https:\/\/jakobschafe-ostfriesische-moewen.de\/wp-content\/uploads\/2021\/02\/WP_20180619_19_47_49_Pro-1024x577.jpg 1024w, https:\/\/jakobschafe-ostfriesische-moewen.de\/wp-content\/uploads\/2021\/02\/WP_20180619_19_47_49_Pro-300x169.jpg 300w, https:\/\/jakobschafe-ostfriesische-moewen.de\/wp-content\/uploads\/2021\/02\/WP_20180619_19_47_49_Pro-768x432.jpg 768w, https:\/\/jakobschafe-ostfriesische-moewen.de\/wp-content\/uploads\/2021\/02\/WP_20180619_19_47_49_Pro-1536x865.jpg 1536w, https:\/\/jakobschafe-ostfriesische-moewen.de\/wp-content\/uploads\/2021\/02\/WP_20180619_19_47_49_Pro-2048x1153.jpg 2048w\" sizes=\"auto, (max-width: 767px) 89vw, (max-width: 1000px) 54vw, (max-width: 1071px) 543px, 580px\" \/><\/figure>\n","protected":false},"excerpt":{"rendered":"<p>Gartenbesichtigung nach telefonischer Vereinbarung. Eintritt 2 Euro als Spende Kontakt: 0176 9680 2528\/ Email: dagmarblumenthrat@web.de Im Essener S\u00fcden gelegener ca. 4000 m\u00b2 gro\u00dfer Privatgarten, eingerahmt mit Weissdorn-, Buchen- und Eibenhecken. Der Garten gliedert sich in einen park\u00e4hnlichen Teil mit altem Baumbestand, Geh\u00f6lzen und Formschnittelementen aus Eibe und Ilex. Zahlreiche Hortensenien sind in verschiedenen Sorten zu &hellip; <\/p>\n<p class=\"link-more\"><a href=\"https:\/\/jakobschafe-ostfriesische-moewen.de\/?page_id=204\" class=\"more-link\"><span class=\"screen-reader-text\">\u201eDer Garten Blumenthrat\u201c <\/span>weiterlesen<\/a><\/p>\n","protected":false},"author":1,"featured_media":0,"parent":0,"menu_order":0,"comment_status":"closed","ping_status":"closed","template":"","meta":{"footnotes":""},"class_list":["post-204","page","type-page","status-publish","hentry"],"_links":{"self":[{"href":"https:\/\/jakobschafe-ostfriesische-moewen.de\/index.php?rest_route=\/wp\/v2\/pages\/204","targetHints":{"allow":["GET"]}}],"collection":[{"href":"https:\/\/jakobschafe-ostfriesische-moewen.de\/index.php?rest_route=\/wp\/v2\/pages"}],"about":[{"href":"https:\/\/jakobschafe-ostfriesische-moewen.de\/index.php?rest_route=\/wp\/v2\/types\/page"}],"author":[{"embeddable":true,"href":"https:\/\/jakobschafe-ostfriesische-moewen.de\/index.php?rest_route=\/wp\/v2\/users\/1"}],"replies":[{"embeddable":true,"href":"https:\/\/jakobschafe-ostfriesische-moewen.de\/index.php?rest_route=%2Fwp%2Fv2%2Fcomments&post=204"}],"version-history":[{"count":12,"href":"https:\/\/jakobschafe-ostfriesische-moewen.de\/index.php?rest_route=\/wp\/v2\/pages\/204\/revisions"}],"predecessor-version":[{"id":291,"href":"https:\/\/jakobschafe-ostfriesische-moewen.de\/index.php?rest_route=\/wp\/v2\/pages\/204\/revisions\/291"}],"wp:attachment":[{"href":"https:\/\/jakobschafe-ostfriesische-moewen.de\/index.php?rest_route=%2Fwp%2Fv2%2Fmedia&parent=204"}],"curies":[{"name":"wp","href":"https:\/\/api.w.org\/{rel}","templated":true}]}}